{"id":790,"date":"2025-10-03T09:28:20","date_gmt":"2025-10-03T07:28:20","guid":{"rendered":"https:\/\/www.playvibee.com\/?page_id=790"},"modified":"2025-10-19T23:52:05","modified_gmt":"2025-10-19T21:52:05","slug":"cards","status":"publish","type":"page","link":"https:\/\/www.playvibee.com\/cs\/cards\/","title":{"rendered":"Karty a fig\u00farky"},"content":{"rendered":"\n<div class=\"wp-block-group has-global-padding is-layout-constrained wp-container-core-group-is-layout-92b9201d wp-block-group-is-layout-constrained\">\n<p class=\"has-background\" style=\"border-radius:20px;background-color:#ffe6e6;margin-bottom:0;padding-bottom:var(--wp--preset--spacing--40);font-style:normal;font-weight:400\"><strong>UPOZORNENIE<\/strong><br><br>Karty v tejto sekcii s\u00fa vopred potla\u010den\u00e9 fyzick\u00e9 karty na\u0161imi interpretmi alebo si m\u00f4\u017ee\u0161 vytvori\u0165 <a href=\"\/product\/karta\">vlastn\u00fa potla\u010d<\/a>.  <br><strong>Tieto karty ani fig\u00farky sami o sebe neobsahuj\u00fa \u017eiadny digit\u00e1lny obsah<\/strong>. <br>Aby hrali na tvojom VibeeBoxe, je potrebn\u00e9 dok\u00fapi\u0165 pr\u00edbehy \u010di pesni\u010dky v sekcii\u00a0<strong><a href=\"\/shop-library\/?wpf_fbv=1&amp;wpf_filter_cat_list_0s=albums\" data-type=\"page\" data-id=\"656\">Audiokni\u017enica<\/a><\/strong>\u00a0(d\u00e1 sa aj rovno s kartou alebo fig\u00farkou) a potom ich v mobilnej aplik\u00e1cii medzi sebou sp\u00e1rova\u0165.<br><br>K\u00fapi\u0165 si m\u00f4\u017eete aj <a href=\"http:\/\/shop-vibeebox\/?wpf_filter_cat_list_0=52&amp;wpf_fbv=1\">hotov\u00e9 VibeeBoxy s obsahom a fyzick\u00fdmi m\u00e9diami<\/a>.<\/p>\n\n\n<style type=\"text\/css\" id=\"wpfCustomCss-9_89121\">#wpfMainWrapper-9_89121{position:relative;width:100%;}#wpfMainWrapper-9_89121 .wpfFilterWrapper {visibility:hidden;width:100%;}#wpfBlock_1 .wpfButtonsFilter .wpfTermWrapper {line-height:normal;padding:10px;margin: 0 10px 10px 0;background-color:#ffffff;font-size:16px;color:#6d6d6d;border-radius:5px;border:2px solid #6d6d6d !important;}#wpfBlock_1 .wpfButtonsFilter .wpfTermChecked{color:#ffffff ;border-color:#dd9933 !important;background-color:#dd9933;}#wpfBlock_1 .wpfButtonsFilter{max-height:200px;}#wpfBlock_1 {display:none;}.wpfLoaderLayout {position:absolute;top:0;bottom:0;left:0;right:0;background-color: rgba(255, 255, 255, 0.9);z-index: 999;}.wpfLoaderLayout .woobewoo-filter-loader {position:absolute;z-index:9;top:50%;left:50%;margin-top:-30px;margin-left:-30px;color: #000000;}<\/style><div class=\"wpfMainWrapper\" id=\"wpfMainWrapper-9_89121\" data-viewid=\"9_89121\" data-filter=\"9\" data-settings=\"{&quot;posts_per_page&quot;:12,&quot;posts_per_row&quot;:&quot;&quot;,&quot;paged&quot;:1,&quot;base&quot;:&quot;\\\/cs\\\/wp-json\\\/wp\\\/v2\\\/pages\\\/790?product-page=%#%&quot;,&quot;format &quot;:&quot;?product-page=%#%&quot;,&quot;page_id&quot;:790,&quot;paginate_base&quot;:&quot;page&quot;,&quot;paginate_type&quot;:&quot;url&quot;}\" data-default-query=\"\" data-filter-settings=\"{&quot;settings&quot;:{&quot;display_on_page&quot;:&quot;both&quot;,&quot;display_page_list&quot;:[&quot;&quot;],&quot;display_cat_list&quot;:[&quot;&quot;],&quot;display_child_cat&quot;:&quot;0&quot;,&quot;display_pwb_list&quot;:[&quot;&quot;],&quot;display_child_brand&quot;:&quot;0&quot;,&quot;display_on_page_shortcode&quot;:&quot;0&quot;,&quot;redirect_after_select&quot;:&quot;0&quot;,&quot;redirect_page_url&quot;:&quot;6&quot;,&quot;redirect_only_click&quot;:&quot;0&quot;,&quot;open_one_by_one&quot;:&quot;0&quot;,&quot;disable_following&quot;:&quot;0&quot;,&quot;obo_only_children&quot;:&quot;0&quot;,&quot;display_for&quot;:&quot;both&quot;,&quot;force_show_current&quot;:&quot;0&quot;,&quot;desctop_mobile_breakpoint_switcher&quot;:&quot;0&quot;,&quot;desctop_mobile_breakpoint_width&quot;:&quot;0&quot;,&quot;hide_without_products&quot;:&quot;0&quot;,&quot;show_filter_immediately&quot;:&quot;0&quot;,&quot;initialise_immediately&quot;:&quot;0&quot;,&quot;count_product_shop&quot;:&quot;0&quot;,&quot;columns_product_shop&quot;:&quot;0&quot;,&quot;enable_ajax&quot;:&quot;1&quot;,&quot;remove_actions&quot;:&quot;0&quot;,&quot;display_status_private&quot;:&quot;0&quot;,&quot;product_list_selector&quot;:&quot;&quot;,&quot;product_container_selector&quot;:&quot;&quot;,&quot;force_theme_templates&quot;:&quot;0&quot;,&quot;recalculate_filters&quot;:&quot;0&quot;,&quot;no_redirect_by_no_products&quot;:&quot;0&quot;,&quot;do_not_use_shortcut&quot;:&quot;0&quot;,&quot;show_filtering_button&quot;:&quot;0&quot;,&quot;filtering_button_word&quot;:&quot;Filter&quot;,&quot;auto_update_filter&quot;:&quot;0&quot;,&quot;show_clean_button&quot;:&quot;0&quot;,&quot;show_clean_button_word&quot;:&quot;Clear&quot;,&quot;reset_all_filters&quot;:&quot;0&quot;,&quot;main_buttons_position&quot;:&quot;bottom&quot;,&quot;main_buttons_order&quot;:&quot;left&quot;,&quot;display_hide_button&quot;:&quot;no&quot;,&quot;display_hide_button_mobile&quot;:&quot;no&quot;,&quot;hide_button_hide_text&quot;:&quot;HIDE FILTERS&quot;,&quot;hide_button_show_text&quot;:&quot;SHOW FILTERS&quot;,&quot;display_hide_button_filtered_open&quot;:&quot;0&quot;,&quot;display_hide_button_filtered_open_mobile&quot;:&quot;0&quot;,&quot;display_hide_button_floating&quot;:&quot;0&quot;,&quot;display_hide_button_floating_left&quot;:&quot;50&quot;,&quot;display_hide_button_floating_left_in&quot;:&quot;%&quot;,&quot;display_hide_button_floating_bottom&quot;:&quot;20&quot;,&quot;display_hide_button_floating_bottom_in&quot;:&quot;px&quot;,&quot;use_hide_button_styles&quot;:&quot;0&quot;,&quot;hide_button&quot;:{&quot;button_font_family&quot;:&quot;Default&quot;,&quot;button_font_size&quot;:&quot;&quot;,&quot;button_font_style&quot;:&quot;&quot;,&quot;button_font_color&quot;:&quot;&quot;,&quot;button_font_style_hover&quot;:&quot;&quot;,&quot;button_font_color_hover&quot;:&quot;&quot;,&quot;button_text_shadow_color&quot;:&quot;&quot;,&quot;button_text_shadow_x&quot;:&quot;&quot;,&quot;button_text_shadow_y&quot;:&quot;&quot;,&quot;button_text_shadow_blur&quot;:&quot;&quot;,&quot;button_width&quot;:&quot;&quot;,&quot;button_width_unit&quot;:&quot;%&quot;,&quot;button_max_width&quot;:&quot;&quot;,&quot;button_max_width_unit&quot;:&quot;%&quot;,&quot;button_height&quot;:&quot;&quot;,&quot;button_radius&quot;:&quot;&quot;,&quot;button_radius_unit&quot;:&quot;px&quot;,&quot;button_bg_type&quot;:&quot;&quot;,&quot;button_bg_color&quot;:&quot;&quot;,&quot;button_bg_color1&quot;:&quot;&quot;,&quot;button_bg_color2&quot;:&quot;&quot;,&quot;button_bg_type_hover&quot;:&quot;&quot;,&quot;button_bg_color_hover&quot;:&quot;&quot;,&quot;button_bg_color1_hover&quot;:&quot;&quot;,&quot;button_bg_color2_hover&quot;:&quot;&quot;,&quot;button_border_color&quot;:&quot;&quot;,&quot;button_border_top&quot;:&quot;&quot;,&quot;button_border_right&quot;:&quot;&quot;,&quot;button_border_bottom&quot;:&quot;&quot;,&quot;button_border_left&quot;:&quot;&quot;,&quot;button_border_color_hover&quot;:&quot;&quot;,&quot;button_border_top_hover&quot;:&quot;&quot;,&quot;button_border_right_hover&quot;:&quot;&quot;,&quot;button_border_bottom_hover&quot;:&quot;&quot;,&quot;button_border_left_hover&quot;:&quot;&quot;,&quot;button_shadow_color&quot;:&quot;&quot;,&quot;button_shadow_x&quot;:&quot;&quot;,&quot;button_shadow_y&quot;:&quot;&quot;,&quot;button_shadow_blur&quot;:&quot;&quot;,&quot;button_shadow_spread&quot;:&quot;&quot;,&quot;button_shadow_color_hover&quot;:&quot;&quot;,&quot;button_shadow_x_hover&quot;:&quot;&quot;,&quot;button_shadow_y_hover&quot;:&quot;&quot;,&quot;button_shadow_blur_hover&quot;:&quot;&quot;,&quot;button_shadow_spread_hover&quot;:&quot;&quot;,&quot;button_padding_top&quot;:&quot;&quot;,&quot;button_padding_right&quot;:&quot;&quot;,&quot;button_padding_bottom&quot;:&quot;&quot;,&quot;button_padding_left&quot;:&quot;&quot;,&quot;button_margin_top&quot;:&quot;&quot;,&quot;button_margin_right&quot;:&quot;&quot;,&quot;button_margin_bottom&quot;:&quot;&quot;,&quot;button_margin_left&quot;:&quot;&quot;},&quot;all_products_filtering&quot;:&quot;0&quot;,&quot;form_filter_by_all_products&quot;:&quot;0&quot;,&quot;show_clean_block&quot;:&quot;0&quot;,&quot;show_clean_block_word&quot;:&quot;Clear&quot;,&quot;filter_recount&quot;:&quot;0&quot;,&quot;filter_recount_price&quot;:&quot;0&quot;,&quot;keep_recount_price&quot;:&quot;0&quot;,&quot;filter_null_disabled&quot;:&quot;0&quot;,&quot;sort_by_title&quot;:&quot;0&quot;,&quot;checked_items_top&quot;:&quot;0&quot;,&quot;checked_items_bold&quot;:&quot;0&quot;,&quot;text_no_products&quot;:&quot;No products found&quot;,&quot;filtering_by_variations&quot;:&quot;1&quot;,&quot;form_filter_by_variations&quot;:&quot;0&quot;,&quot;exclude_backorder_variations&quot;:&quot;0&quot;,&quot;display_product_variations&quot;:&quot;0&quot;,&quot;display_view_more&quot;:&quot;0&quot;,&quot;view_more_full&quot;:&quot;0&quot;,&quot;view_more_label&quot;:&quot;&quot;,&quot;view_more_label2&quot;:&quot;&quot;,&quot;display_selected_params&quot;:&quot;0&quot;,&quot;selected_params_position&quot;:&quot;top&quot;,&quot;selected_params_clear&quot;:&quot;0&quot;,&quot;selected_clean_word&quot;:&quot;Clear All&quot;,&quot;expand_selected_to_child&quot;:&quot;1&quot;,&quot;scroll_after_filtration&quot;:&quot;0&quot;,&quot;scroll_after_filtration_speed&quot;:&quot;1500&quot;,&quot;scroll_after_filtration_retreat&quot;:&quot;30&quot;,&quot;only_one_filter_open&quot;:&quot;0&quot;,&quot;use_category_slug&quot;:&quot;1&quot;,&quot;use_filter_synchro&quot;:&quot;0&quot;,&quot;clear_other_filters&quot;:&quot;0&quot;,&quot;hide_filter_icon&quot;:&quot;1&quot;,&quot;use_title_as_slug&quot;:&quot;0&quot;,&quot;use_category_filtration&quot;:&quot;1&quot;,&quot;display_only_descendants_category&quot;:&quot;0&quot;,&quot;display_only_children_category&quot;:&quot;0&quot;,&quot;check_get_names&quot;:&quot;0&quot;,&quot;f_multi_logic&quot;:&quot;and&quot;,&quot;third_party_prefilter&quot;:&quot;0&quot;,&quot;filter_loader_icon_onload_enable&quot;:&quot;1&quot;,&quot;filter_loader_icon_color&quot;:&quot;#000000&quot;,&quot;filter_loader_custom_icon&quot;:&quot;&quot;,&quot;filter_loader_custom_animation&quot;:&quot;&quot;,&quot;filter_loader_icon_name&quot;:&quot;default&quot;,&quot;filter_loader_icon_number&quot;:&quot;0&quot;,&quot;enable_overlay&quot;:&quot;0&quot;,&quot;overlay_background&quot;:&quot;&quot;,&quot;enable_overlay_icon&quot;:&quot;0&quot;,&quot;enable_overlay_word&quot;:&quot;0&quot;,&quot;overlay_word&quot;:&quot;WooBeWoo&quot;,&quot;ajax_leave_products&quot;:&quot;0&quot;,&quot;filter_width&quot;:&quot;100&quot;,&quot;filter_width_in&quot;:&quot;%&quot;,&quot;filter_width_mobile&quot;:&quot;100&quot;,&quot;filter_width_in_mobile&quot;:&quot;%&quot;,&quot;filter_block_width&quot;:&quot;100&quot;,&quot;filter_block_width_in&quot;:&quot;%&quot;,&quot;filter_block_width_mobile&quot;:&quot;100&quot;,&quot;filter_block_width_in_mobile&quot;:&quot;%&quot;,&quot;filter_block_height&quot;:&quot;&quot;,&quot;padding_child_list&quot;:&quot;&quot;,&quot;css_editor&quot;:&quot;&quot;,&quot;js_editor&quot;:&quot;&quot;,&quot;disable_fontawesome_loading&quot;:&quot;0&quot;,&quot;disable_plugin_styles&quot;:&quot;0&quot;,&quot;use_block_styles&quot;:&quot;0&quot;,&quot;use_title_styles&quot;:&quot;0&quot;,&quot;use_button_styles&quot;:&quot;0&quot;,&quot;floating_mode&quot;:&quot;0&quot;,&quot;floating_devices&quot;:&quot;&quot;,&quot;floating_call_button&quot;:&quot;plugin&quot;,&quot;filters&quot;:{&quot;order&quot;:&quot;[{\\&quot;id\\&quot;:\\&quot;wpfCategory\\&quot;,\\&quot;uniqId\\&quot;:\\&quot;wpf_68dc43fb69b44\\&quot;,\\&quot;name\\&quot;:\\&quot;wpf_filter_cat_list\\&quot;,\\&quot;settings\\&quot;:{\\&quot;f_enable\\&quot;:true,\\&quot;f_title\\&quot;:\\&quot;Druh kariet\\&quot;,\\&quot;f_name\\&quot;:\\&quot;Product categories\\&quot;,\\&quot;f_enable_title\\&quot;:\\&quot;no\\&quot;,\\&quot;f_enable_title_mobile\\&quot;:\\&quot;no\\&quot;,\\&quot;f_frontend_type\\&quot;:\\&quot;buttons\\&quot;,\\&quot;f_select_default_id\\&quot;:\\&quot;50\\&quot;,\\&quot;f_single_select\\&quot;:false,\\&quot;f_hide_checkboxes\\&quot;:false,\\&quot;f_show_hierarchical\\&quot;:false,\\&quot;f_hide_parent\\&quot;:false,\\&quot;f_hide_all_parent\\&quot;:false,\\&quot;f_multi_collapsible\\&quot;:false,\\&quot;f_multi_unfold_child\\&quot;:false,\\&quot;f_multi_unfold_all_levels\\&quot;:false,\\&quot;f_multi_auto_collapses_parent\\&quot;:false,\\&quot;f_multi_extend_parent_select\\&quot;:true,\\&quot;f_multi_logic_hierarchical\\&quot;:\\&quot;any\\&quot;,\\&quot;f_set_page_category\\&quot;:false,\\&quot;f_set_parent_page_category\\&quot;:false,\\&quot;f_set_product_category\\&quot;:false,\\&quot;f_hide_page_category\\&quot;:false,\\&quot;f_extend_parent_filtering\\&quot;:true,\\&quot;f_buttons_type\\&quot;:\\&quot;corners\\&quot;,\\&quot;f_buttons_multiselect\\&quot;:false,\\&quot;f_buttons_inner_spacing\\&quot;:\\&quot;10\\&quot;,\\&quot;f_buttons_outer_spacing\\&quot;:\\&quot;10\\&quot;,\\&quot;f_buttons_font_size\\&quot;:\\&quot;16\\&quot;,\\&quot;f_buttons_font_color\\&quot;:\\&quot;#6d6d6d\\&quot;,\\&quot;f_buttons_font_color_checked\\&quot;:\\&quot;#ffffff\\&quot;,\\&quot;f_buttons_border_width\\&quot;:\\&quot;2\\&quot;,\\&quot;f_buttons_border_color\\&quot;:\\&quot;#6d6d6d\\&quot;,\\&quot;f_buttons_border_color_checked\\&quot;:\\&quot;#dd9933\\&quot;,\\&quot;f_buttons_bg_color\\&quot;:\\&quot;#ffffff\\&quot;,\\&quot;f_buttons_bg_color_checked\\&quot;:\\&quot;#dd9933\\&quot;,\\&quot;f_buttons_per_button\\&quot;:false,\\&quot;f_text_singleselection\\&quot;:false,\\&quot;f_multi_logic\\&quot;:\\&quot;or\\&quot;,\\&quot;f_show_images\\&quot;:false,\\&quot;f_abc_index\\&quot;:false,\\&quot;f_dropdown_search\\&quot;:false,\\&quot;f_custom_tags\\&quot;:false,\\&quot;f_custom_tags_settings[header]\\&quot;:\\&quot;0\\&quot;,\\&quot;f_custom_tags_settings[title_1]\\&quot;:\\&quot;0\\&quot;,\\&quot;f_custom_tags_settings[title_2]\\&quot;:\\&quot;0\\&quot;,\\&quot;f_custom_tags_settings[title_3]\\&quot;:\\&quot;0\\&quot;,\\&quot;f_sort_by\\&quot;:\\&quot;default\\&quot;,\\&quot;f_sort_as_numbers\\&quot;:false,\\&quot;f_order_custom\\&quot;:true,\\&quot;f_show_count\\&quot;:false,\\&quot;f_show_count_parent_with_children\\&quot;:false,\\&quot;f_hide_empty\\&quot;:false,\\&quot;f_hide_empty_active\\&quot;:false,\\&quot;f_mlist[]\\&quot;:\\&quot;50,51,19\\&quot;,\\&quot;f_mlist_with_children\\&quot;:false,\\&quot;f_hidden_categories\\&quot;:false,\\&quot;f_filtered_by_selected\\&quot;:false,\\&quot;f_show_search_input\\&quot;:false,\\&quot;f_unfolding_by_search\\&quot;:false,\\&quot;f_collapse_by_delete\\&quot;:false,\\&quot;f_hide_taxonomy\\&quot;:false,\\&quot;f_show_all_categories\\&quot;:false,\\&quot;f_layout\\&quot;:\\&quot;hor\\&quot;,\\&quot;f_ver_columns\\&quot;:\\&quot;1\\&quot;,\\&quot;f_max_height\\&quot;:\\&quot;200\\&quot;,\\&quot;f_menu_mode\\&quot;:false}}]&quot;,&quot;preselect&quot;:&quot;&quot;,&quot;defaults&quot;:&quot;wpf_filter_cat_list_0=50&quot;}}}\" data-nowoo=\"true\"><div class=\"wpfFilterWrapper \" id=\"wpfBlock_1\" data-order-key=\"0\"  data-filter-type=\"wpfCategory\" data-get-attribute=\"wpf_filter_cat_list_0s\" data-display-type=\"buttons\" data-content-type=\"taxonomy\" data-slug=\"kategorie\" data-uniq-id=\"wpf_68dc43fb69b44\" data-radio=\"0\" data-query-logic=\"or\" data-logic-hierarchical=\"any\" data-query-children=\"0\" data-show-hierarchical=\"false\" data-taxonomy=\"product_cat\" data-hide-active=\"0\" data-show-all=\"0\" data-use-slugs=\"1\"><div class=\"wpfFilterContent\"><div class=\"wpfCheckboxHier\"><ul class=\"wpfButtonsFilter wpfFilterVerScroll  wpfFilterLayoutHor\"><\/ul><\/div><\/div><\/div><div class=\"wpfLoaderLayout\"><div class=\"woobewoo-filter-loader\"><i class=\"fa fa-spinner fa-pulse fa-3x fa-fw\"><\/i><\/div><\/div><div class=\"wpfPreview wpfPreviewLoader wpfHidden\"><div class=\"woobewoo-filter-loader spinner\" ><\/div><\/div><\/div>\n\n\n\n<div data-wp-context=\"{&quot;notices&quot;:[],&quot;hideNextPreviousButtons&quot;:false,&quot;isDisabledPrevious&quot;:true,&quot;isDisabledNext&quot;:false,&quot;ariaLabelPrevious&quot;:&quot;Scroll products left&quot;,&quot;ariaLabelNext&quot;:&quot;Scroll products right&quot;}\" data-wp-init=\"callbacks.onRender\" data-wp-interactive=\"woocommerce\/product-collection\" data-wp-router-region=\"wc-product-collection-33\" data-__private-preview-state=\"{&quot;isPreview&quot;:false,&quot;previewMessage&quot;:&quot;Skuto\\u010dn\\u00e9 produkty sa bud\\u00fa l\\u00ed\\u0161i\\u0165 v z\\u00e1vislosti od zobrazenej str\\u00e1nky.&quot;}\" data-block-name=\"woocommerce\/product-collection\" data-dimensions=\"{&quot;widthType&quot;:&quot;fill&quot;}\" data-display-layout=\"{&quot;type&quot;:&quot;flex&quot;,&quot;columns&quot;:6,&quot;shrinkColumns&quot;:true}\" data-query-context-includes=\"[&quot;collection&quot;]\" data-query-id=\"33\" data-query=\"{&quot;perPage&quot;:12,&quot;pages&quot;:0,&quot;offset&quot;:0,&quot;postType&quot;:&quot;product&quot;,&quot;order&quot;:&quot;asc&quot;,&quot;orderBy&quot;:&quot;title&quot;,&quot;search&quot;:&quot;&quot;,&quot;exclude&quot;:[],&quot;inherit&quot;:false,&quot;taxQuery&quot;:[],&quot;isProductCollectionBlock&quot;:true,&quot;featured&quot;:false,&quot;woocommerceOnSale&quot;:false,&quot;woocommerceStockStatus&quot;:[&quot;instock&quot;,&quot;outofstock&quot;,&quot;onbackorder&quot;],&quot;woocommerceAttributes&quot;:[],&quot;woocommerceHandPickedProducts&quot;:[],&quot;filterable&quot;:false,&quot;relatedBy&quot;:{&quot;categories&quot;:true,&quot;tags&quot;:true}}\" data-tag-name=\"div\" class=\"wp-block-woocommerce-product-collection is-layout-flow wp-block-woocommerce-product-collection-is-layout-flow\">\t\t<div data-wp-interactive=\"woocommerce\/store-notices\" class=\"wc-block-components-notices alignwide\">\n\t\t\t<template data-wp-each--notice=\"state.notices\" data-wp-each-key=\"context.notice.id\">\n\t\t\t\t<div\n\t\t\t\t\tclass=\"wc-block-components-notice-banner\"\n\t\t\t\t\tdata-wp-init=\"callbacks.scrollIntoView\"\n\t\t\t\t\tdata-wp-class--is-error=\"state.isError\"\n\t\t\t\t\tdata-wp-class--is-success =\"state.isSuccess\"\n\t\t\t\t\tdata-wp-class--is-info=\"state.isInfo\"\n\t\t\t\t\tdata-wp-class--is-dismissible=\"context.notice.dismissible\"\n\t\t\t\t\tdata-wp-bind--role=\"state.role\"\n\t\t\t\t>\n\t\t\t\t\t<svg xmlns=\"http:\/\/www.w3.org\/2000\/svg\" viewBox=\"0 0 24 24\" width=\"24\" height=\"24\" aria-hidden=\"true\" focusable=\"false\">\n\t\t\t\t\t\t<path data-wp-bind--d=\"state.iconPath\"><\/path>\n\t\t\t\t\t<\/svg>\n\t\t\t\t\t<div class=\"wc-block-components-notice-banner__content\">\n\t\t\t\t\t\t<span data-wp-init=\"callbacks.renderNoticeContent\" aria-live=\"assertive\" aria-atomic=\"true\"><\/span>\n\t\t\t\t\t<\/div>\n\t\t\t\t\t<button\n\t\t\t\t\t\tdata-wp-bind--hidden=\"!context.notice.dismissible\"\n\t\t\t\t\t\tclass=\"wc-block-components-button wp-element-button wc-block-components-notice-banner__dismiss contained\"\n\t\t\t\t\t\taria-label=\"Odm\u00edtn\u011bte toto upozorn\u011bn\u00ed\"\n\t\t\t\t\t\tdata-wp-on--click=\"actions.removeNotice\"\n\t\t\t\t\t>\n\t\t\t\t\t\t<svg xmlns=\"http:\/\/www.w3.org\/2000\/svg\" viewBox=\"0 0 24 24\">\n\t\t\t\t\t\t\t<path d=\"M13 11.8l6.1-6.3-1-1-6.1 6.2-6.1-6.2-1 1 6.1 6.3-6.5 6.7 1 1 6.5-6.6 6.5 6.6 1-1z\" \/>\n\t\t\t\t\t\t<\/svg>\n\t\t\t\t\t<\/button>\n\t\t\t\t<\/div>\n\t\t\t<\/template>\n\t\t<\/div>\n\t\t\n\n\n\n<div data-block-name=\"woocommerce\/product-collection-no-results\" class=\"wp-block-woocommerce-product-collection-no-results\"><div class=\"wp-block-group is-vertical is-content-justification-center is-layout-flex wp-container-core-group-is-layout-6363bf74 wp-block-group-is-layout-flex\">\n<p class=\"has-medium-font-size\"><strong>No results found<\/strong><\/p>\n\n\n\n<p>You can try <a class=\"wc-link-clear-any-filters\" href=\"https:\/\/www.playvibee.com\/cs\/wp-json\/wp\/v2\/pages\/790\">clearing any filters<\/a> or head to our <a class=\"wc-link-stores-home\" href=\"https:\/\/www.playvibee.com\/cs\/\">store&#8217;s home<\/a><\/p>\n<\/div><\/div><\/div>\n<\/div>\n","protected":false},"excerpt":{"rendered":"<p>UPOZORNENIE Karty v tejto sekcii s\u00fa vopred potla\u010den\u00e9 fyzick\u00e9 karty na\u0161imi interpretmi alebo si m\u00f4\u017ee\u0161 vytvori\u0165 vlastn\u00fa potla\u010d. Tieto karty ani fig\u00farky sami o sebe neobsahuj\u00fa \u017eiadny digit\u00e1lny obsah. Aby hrali na tvojom VibeeBoxe, je potrebn\u00e9 dok\u00fapi\u0165 pr\u00edbehy \u010di pesni\u010dky v sekcii\u00a0Audiokni\u017enica\u00a0(d\u00e1 sa aj rovno s kartou alebo fig\u00farkou) a potom ich v mobilnej aplik\u00e1cii [&hellip;]<\/p>\n","protected":false},"author":1,"featured_media":0,"parent":0,"menu_order":0,"comment_status":"closed","ping_status":"closed","template":"wp-custom-template-vibee-box-shop","meta":{"footnotes":""},"class_list":["post-790","page","type-page","status-publish","hentry"],"_links":{"self":[{"href":"https:\/\/www.playvibee.com\/cs\/wp-json\/wp\/v2\/pages\/790","targetHints":{"allow":["GET"]}}],"collection":[{"href":"https:\/\/www.playvibee.com\/cs\/wp-json\/wp\/v2\/pages"}],"about":[{"href":"https:\/\/www.playvibee.com\/cs\/wp-json\/wp\/v2\/types\/page"}],"author":[{"embeddable":true,"href":"https:\/\/www.playvibee.com\/cs\/wp-json\/wp\/v2\/users\/1"}],"replies":[{"embeddable":true,"href":"https:\/\/www.playvibee.com\/cs\/wp-json\/wp\/v2\/comments?post=790"}],"version-history":[{"count":25,"href":"https:\/\/www.playvibee.com\/cs\/wp-json\/wp\/v2\/pages\/790\/revisions"}],"predecessor-version":[{"id":1920,"href":"https:\/\/www.playvibee.com\/cs\/wp-json\/wp\/v2\/pages\/790\/revisions\/1920"}],"wp:attachment":[{"href":"https:\/\/www.playvibee.com\/cs\/wp-json\/wp\/v2\/media?parent=790"}],"curies":[{"name":"wp","href":"https:\/\/api.w.org\/{rel}","templated":true}]}}